{"id":108,"date":"2019-10-08T08:34:58","date_gmt":"2019-10-08T08:34:58","guid":{"rendered":"http:\/\/isthmiantowers.com\/index.php\/about\/"},"modified":"2020-03-19T22:49:41","modified_gmt":"2020-03-19T22:49:41","slug":"nosotros","status":"publish","type":"page","link":"https:\/\/isthmiantowers.com\/?page_id=108","title":{"rendered":"Nosotros"},"content":{"rendered":"\t\t<div data-elementor-type=\"wp-page\" data-elementor-id=\"108\" class=\"elementor elementor-108\">\n\t\t\t\t\t\t<section class=\"elementor-section elementor-top-section elementor-element elementor-element-8c0746f elementor-reverse-mobile elementor-section-height-min-height elementor-section-boxed elementor-section-height-default elementor-section-items-middle\" data-id=\"8c0746f\" data-element_type=\"section\" data-e-type=\"section\">\n\t\t\t\t\t\t<div class=\"elementor-container elementor-column-gap-default\">\n\t\t\t\t\t<div class=\"aux-parallax-section elementor-column elementor-col-50 elementor-top-column elementor-element elementor-element-ffbc8d2\" data-id=\"ffbc8d2\" data-element_type=\"column\" data-e-type=\"column\">\n\t\t\t<div class=\"elementor-widget-wrap elementor-element-populated\">\n\t\t\t\t\t\t<div class=\"elementor-element elementor-element-408a143 aux-appear-watch-animation aux-fade-in-up elementor-widget elementor-widget-aux_modern_heading\" data-id=\"408a143\" data-element_type=\"widget\" data-e-type=\"widget\" data-widget_type=\"aux_modern_heading.default\">\n\t\t\t\t<div class=\"elementor-widget-container\">\n\t\t\t\t\t<section class=\"aux-widget-modern-heading\">\n            <div class=\"aux-widget-inner\"><h1 class=\"aux-modern-heading-primary\">Nosotros<\/h1><div class=\"aux-modern-heading-secondary\"><span class=\"aux-head-before\">El sector de telefon\u00eda celular ha experimentado un constante crecimiento durante los \u00faltimos a\u00f1os, por lo que las empresas proveedoras de este servicio requieren de una s\u00f3lida infraestructura de redes para soportar la creciente demanda de tr\u00e1fico de datos y voz de Panam\u00e1.<\/span><\/div><div class=\"aux-modern-heading-description\"><p>\u00a0<\/p><p>El incremento en uso de datos ha influido en que las inversiones en infraestructura sean parte fundamental de la promesa de valor y calidad para los clientes finales de los servicios de telefon\u00eda celular.<\/p><p><b>Isthmian Towers<\/b> se crea en octubre de 2014 y da inicio a sus operaciones en enero de 2015 surgiendo como una soluci\u00f3n que ofrece a sus clientes estructuras sin gran contaminaci\u00f3n visual, mimetizados para ser m\u00e1s aceptado por las comunidades y acorde a las exigencias ambientales.<\/p><p><b>DESARROLLO DE SITIOS<\/b><\/p><ul><li>El desarrollo de sitios y antenas se convierte en un activo estrat\u00e9gico e irremplazable para los requerimientos de cobertura de las empresas.\u00a0<\/li><\/ul><ul><li><b>Isthmian Towers <\/b>terceriza, desarrolla y alquila sitios donde los operadores de telecomunicaciones presentan necesidades de cobertura, generando sinergia al poder alquilar una estructura a m\u00e1s de un solo operador. De esta manera, se colabora a la comunidad en un desarrollo controlado y\u00a0 unificado de estructuras.<\/li><\/ul><\/div><\/div>\n        <\/section>\t\t\t\t<\/div>\n\t\t\t\t<\/div>\n\t\t\t\t\t<\/div>\n\t\t<\/div>\n\t\t\t\t<div class=\"aux-parallax-section elementor-column elementor-col-50 elementor-top-column elementor-element elementor-element-0dec039\" data-id=\"0dec039\" data-element_type=\"column\" data-e-type=\"column\">\n\t\t\t<div class=\"elementor-widget-wrap elementor-element-populated\">\n\t\t\t\t\t\t<div class=\"elementor-element elementor-element-8863901 elementor-widget elementor-widget-aux_image\" data-id=\"8863901\" data-element_type=\"widget\" data-e-type=\"widget\" data-widget_type=\"aux_image.default\">\n\t\t\t\t<div class=\"elementor-widget-container\">\n\t\t\t\t\t<section class=\"widget-container aux-widget-image aux-alignnone aux-parent-aue481deb7\">\n    <div class=\"aux-media-hint-frame \">\n        <div class=\"aux-media-image \" >\n        \n            \n\n            \n            <img fetchpriority=\"high\" decoding=\"async\" width=\"338\" height=\"612\" src=\"https:\/\/i0.wp.com\/isthmiantowers.com\/wp-content\/uploads\/2019\/10\/torre-draw-2.png?fit=338%2C612&amp;ssl=1\" class=\"aux-attachment aux-featured-image aux-attachment-id-226\" alt=\"torre draw 2\" data-ratio=\"0.55\" data-original-w=\"338\" \/>            \n                <\/div>\n    <\/div>\n\n<\/section><!-- widget-container -->\t\t\t\t<\/div>\n\t\t\t\t<\/div>\n\t\t\t\t<div class=\"elementor-element elementor-element-2c66614 elementor-widget elementor-widget-spacer\" data-id=\"2c66614\" data-element_type=\"widget\" data-e-type=\"widget\" data-widget_type=\"spacer.default\">\n\t\t\t\t<div class=\"elementor-widget-container\">\n\t\t\t\t\t\t\t<div class=\"elementor-spacer\">\n\t\t\t<div class=\"elementor-spacer-inner\"><\/div>\n\t\t<\/div>\n\t\t\t\t\t\t<\/div>\n\t\t\t\t<\/div>\n\t\t\t\t<div class=\"elementor-element elementor-element-ba038f4 elementor-widget elementor-widget-aux_image\" data-id=\"ba038f4\" data-element_type=\"widget\" data-e-type=\"widget\" data-widget_type=\"aux_image.default\">\n\t\t\t\t<div class=\"elementor-widget-container\">\n\t\t\t\t\t<section class=\"widget-container aux-widget-image aux-alignnone aux-parent-aud00f7e18\">\n    <div class=\"aux-media-hint-frame \">\n        <div class=\"aux-media-image \" >\n        \n            \n\n            \n            <img decoding=\"async\" width=\"912\" height=\"1040\" src=\"https:\/\/i0.wp.com\/isthmiantowers.com\/wp-content\/uploads\/2020\/03\/Nosotros.png?fit=912%2C1040&amp;ssl=1\" class=\"aux-attachment aux-featured-image aux-attachment-id-246\" alt=\"Nosotros\" data-ratio=\"0.88\" data-original-w=\"912\" \/>            \n                <\/div>\n    <\/div>\n\n<\/section><!-- widget-container -->\t\t\t\t<\/div>\n\t\t\t\t<\/div>\n\t\t\t\t<div class=\"elementor-element elementor-element-82d872f elementor-widget elementor-widget-aux_image\" data-id=\"82d872f\" data-element_type=\"widget\" data-e-type=\"widget\" data-widget_type=\"aux_image.default\">\n\t\t\t\t<div class=\"elementor-widget-container\">\n\t\t\t\t\t<section class=\"widget-container aux-widget-image aux-alignnone aux-parent-aub78f1712\">\n    <div class=\"aux-media-hint-frame \">\n        <div class=\"aux-media-image \" >\n        \n            \n\n            \n            <img decoding=\"async\" width=\"548\" height=\"572\" src=\"data:image\/gif;base64,R0lGODlhAQABAIAAAAAAAP\/\/\/yH5BAEAAAAALAAAAAABAAEAAAIBRAA7\" class=\"aux-attachment aux-featured-image aux-attachment-id-176 aux-preload aux-blank\" alt=\"formas-5\" data-ratio=\"0.96\" data-original-w=\"548\" data-src=\"https:\/\/i0.wp.com\/isthmiantowers.com\/wp-content\/uploads\/2020\/03\/formas-5.png?fit=548%2C572&amp;ssl=1\" \/>            \n                <\/div>\n    <\/div>\n\n<\/section><!-- widget-container -->\t\t\t\t<\/div>\n\t\t\t\t<\/div>\n\t\t\t\t\t<\/div>\n\t\t<\/div>\n\t\t\t\t\t<\/div>\n\t\t<\/section>\n\t\t\t\t<\/div>\n\t\t","protected":false},"excerpt":{"rendered":"<p>Nosotros El sector de telefon\u00eda celular ha experimentado un constante crecimiento durante los \u00faltimos a\u00f1os, por lo que las empresas proveedoras de este servicio requieren de una s\u00f3lida infraestructura de redes para soportar la creciente demanda de tr\u00e1fico de datos y voz de Panam\u00e1. \u00a0 El incremento en uso de datos ha influido en que [&hellip;]<\/p>\n","protected":false},"author":1,"featured_media":0,"parent":0,"menu_order":0,"comment_status":"closed","ping_status":"closed","template":"","meta":{"_monsterinsights_skip_tracking":false,"_monsterinsights_sitenote_active":false,"_monsterinsights_sitenote_note":"","_monsterinsights_sitenote_category":0,"_uf_show_specific_survey":0,"_uf_disable_surveys":false,"footnotes":""},"class_list":["post-108","page","type-page","status-publish","hentry"],"aioseo_notices":[],"jetpack-related-posts":[],"jetpack_sharing_enabled":true,"_links":{"self":[{"href":"https:\/\/isthmiantowers.com\/index.php?rest_route=\/wp\/v2\/pages\/108","targetHints":{"allow":["GET"]}}],"collection":[{"href":"https:\/\/isthmiantowers.com\/index.php?rest_route=\/wp\/v2\/pages"}],"about":[{"href":"https:\/\/isthmiantowers.com\/index.php?rest_route=\/wp\/v2\/types\/page"}],"author":[{"embeddable":true,"href":"https:\/\/isthmiantowers.com\/index.php?rest_route=\/wp\/v2\/users\/1"}],"replies":[{"embeddable":true,"href":"https:\/\/isthmiantowers.com\/index.php?rest_route=%2Fwp%2Fv2%2Fcomments&post=108"}],"version-history":[{"count":0,"href":"https:\/\/isthmiantowers.com\/index.php?rest_route=\/wp\/v2\/pages\/108\/revisions"}],"wp:attachment":[{"href":"https:\/\/isthmiantowers.com\/index.php?rest_route=%2Fwp%2Fv2%2Fmedia&parent=108"}],"curies":[{"name":"wp","href":"https:\/\/api.w.org\/{rel}","templated":true}]}}